{"id":9481,"date":"2026-05-03T09:21:52","date_gmt":"2026-05-03T07:21:52","guid":{"rendered":"https:\/\/www.offresasaisir.fr\/mag\/?page_id=9481"},"modified":"2026-05-05T16:49:19","modified_gmt":"2026-05-05T14:49:19","slug":"top-5","status":"publish","type":"page","link":"https:\/\/www.offresasaisir.fr\/mag\/top-5\/","title":{"rendered":"Top 5 du jour"},"content":{"rendered":"<div class=\"oas-top5-rolling\">\n<p class=\"oas-top5-intro\"><em>Mise \u00e0 jour quotidienne. Chaque jour Timy s\u00e9lectionne les 5 meilleurs bons plans valid\u00e9s sur OffresASaisir.<\/em><\/p>\n<section class=\"oas-top5-day\" data-number=\"3\">\n<h2>\ud83d\udd25 Top 5 du Mardi 5 mai 2026 <small>(#003)<\/small><\/h2>\n<ol>\n<li><strong>\ud83e\udd47 <a href=\"https:\/\/www.offresasaisir.fr\/xx\/xx\/244994\" target=\"_blank\" rel=\"nofollow noopener\">Forfait 120 Go \u00e0 6,99\u20ac\/mois sans engagement<\/a><\/strong><br \/><strong>6,99\u20ac\/mois<\/strong> \u00b7 chez <em>Cdiscount Mobile<\/em><\/li>\n<li><strong>\ud83e\udd48 <a href=\"https:\/\/www.offresasaisir.fr\/xx\/xx\/244982\" target=\"_blank\" rel=\"nofollow noopener\">LEGO Star Wars \u2014 10\u20ac offerts d\u00e8s 60\u20ac d&#x27;achat sur Amazon<\/a><\/strong><br \/><strong>-10\u20ac d\u00e8s 60\u20ac<\/strong> \u00b7 chez <em>Amazon<\/em><\/li>\n<li><strong>\ud83e\udd49 <a href=\"https:\/\/www.offresasaisir.fr\/xx\/xx\/244782\" target=\"_blank\" rel=\"nofollow noopener\">Boulanger \u2014 20\u20ac offerts d\u00e8s 200\u20ac sur TV, son et \u00e9lectrom\u00e9nager<\/a><\/strong><br \/><strong>-20\u20ac<\/strong> \u00b7 code <code>FRENCH20<\/code> \u00b7 chez <em>Boulanger<\/em><\/li>\n<li><strong>4\ufe0f\u20e3 <a href=\"https:\/\/www.offresasaisir.fr\/xx\/xx\/244960\" target=\"_blank\" rel=\"nofollow noopener\">Marrakech du Rire \u2014 2 places gala + vol + nuit h\u00f4tel \u00e0 gagner<\/a><\/strong><br \/>chez <em>Fnac Spectacles<\/em><\/li>\n<li><strong>5\ufe0f\u20e3 <a href=\"https:\/\/www.offresasaisir.fr\/xx\/xx\/244935\" target=\"_blank\" rel=\"nofollow noopener\">Groupon \u2014 jusqu&#x27;\u00e0 -30% sur les offres bien-\u00eatre<\/a><\/strong><br \/><strong>-30%<\/strong> \u00b7 code <code>RELAX<\/code> \u00b7 chez <em>Groupon<\/em><\/li>\n<\/ol>\n<\/section>\n<section class=\"oas-top5-day\" data-number=\"2\">\n<h2>\ud83d\udd25 Top 5 du Lundi 4 mai 2026 <small>(#002)<\/small><\/h2>\n<ol>\n<li><strong>\ud83e\udd47 <a href=\"https:\/\/www.offresasaisir.fr\/xx\/xx\/244694\" target=\"_blank\" rel=\"nofollow noopener\">RED by SFR \u2014 250 Go 5G \u00e0 9,99\u20ac\/mois<\/a><\/strong><br \/><strong>8,99\u20ac\/mois<\/strong> \u00b7 chez <em>RED by SFR<\/em><\/li>\n<li><strong>\ud83e\udd48 <a href=\"https:\/\/www.offresasaisir.fr\/xx\/xx\/244719\" target=\"_blank\" rel=\"nofollow noopener\">PC portable Acer Swift Go 14 OLED 2.8K 90Hz<\/a><\/strong><br \/><strong>649\u20ac<\/strong> <s>802,34\u20ac<\/s> \u00b7 -19% \u00b7 chez <em>Amazon<\/em><\/li>\n<li><strong>\ud83e\udd49 <a href=\"https:\/\/www.offresasaisir.fr\/xx\/xx\/243599\" target=\"_blank\" rel=\"nofollow noopener\">Final Fantasy I-VI Collection (Switch)<\/a><\/strong><br \/><strong>43,60\u20ac<\/strong> <s>74,99\u20ac<\/s> \u00b7 -42% \u00b7 chez <em>Amazon<\/em><\/li>\n<li><strong>4\ufe0f\u20e3 <a href=\"https:\/\/www.offresasaisir.fr\/xx\/xx\/243527\" target=\"_blank\" rel=\"nofollow noopener\">Boulangeries Lucas \u2014 Places Roland-Garros \u00e0 gagner<\/a><\/strong><br \/>chez <em>Boulangeries Lucas<\/em><\/li>\n<li><strong>5\ufe0f\u20e3 <a href=\"https:\/\/www.offresasaisir.fr\/xx\/xx\/243562\" target=\"_blank\" rel=\"nofollow noopener\">Le Livre Bleu \u2014 Coffret b\u00e9b\u00e9 gratuit<\/a><\/strong><br \/><strong>Gratuit<\/strong> \u00b7 chez <em>Le Livre Bleu<\/em><\/li>\n<\/ol>\n<\/section>\n<section class=\"oas-top5-day\" data-number=\"1\">\n<h2>\ud83d\udd25 Top 5 du Dimanche 3 mai 2026 <small>(#001)<\/small><\/h2>\n<ol>\n<li><strong>\ud83e\udd47 <a href=\"https:\/\/www.xbox.com\/fr-CH\/games\/store\/tell-me-why-chapitre-1-3\/9NF83PRZK6K3\/0010\" target=\"_blank\" rel=\"nofollow noopener\">Tell Me Why : Chapitres 1-3 gratuits (PC, Xbox)<\/a><\/strong><br \/><strong>Gratuit<\/strong> \u00b7 chez <em>Xbox<\/em><\/li>\n<li><strong>\ud83e\udd48 <a href=\"https:\/\/www.offresasaisir.fr\/code-promo\/code-promo-cdiscount-french-days-15-de-reduction-des-129\/243944\" target=\"_blank\" rel=\"nofollow noopener\">Cdiscount \u2014 French Days, -15\u20ac d\u00e8s 129\u20ac<\/a><\/strong><br \/><strong>-15\u20ac<\/strong> \u00b7 code <code>COCORICO15<\/code> \u00b7 <em>Code promo<\/em><\/li>\n<li><strong>\ud83e\udd49 <a href=\"https:\/\/jeux.geo.fr\/concours\/futuroscope-12-lots-de-4-entrees-a-gagner-231834\" target=\"_blank\" rel=\"nofollow noopener\">Futuroscope : 12 lots de 4 entr\u00e9es \u00e0 gagner<\/a><\/strong><br \/><em>Concours<\/em><\/li>\n<li><strong>4\ufe0f\u20e3 <a href=\"https:\/\/www.amazon.fr\/dp\/B0FD3RCP2X?smid=A1X6FK5RDHNB96&amp;th=1\" target=\"_blank\" rel=\"nofollow noopener\">Anno 117 : Pax Romana (PS5)<\/a><\/strong><br \/><strong>31,79\u20ac<\/strong> <s>38,79\u20ac<\/s> \u00b7 -18% \u00b7 chez <em>Amazon<\/em><\/li>\n<li><strong>5\ufe0f\u20e3 <a href=\"https:\/\/www.pampers.fr\/offres\/promotion-pampers-pants\" target=\"_blank\" rel=\"nofollow noopener\">Pampers Baby Dry Pants \u2014 \u00c9chantillons gratuits<\/a><\/strong><br \/><strong>Gratuit<\/strong> \u00b7 chez <em>Pampers<\/em><\/li>\n<\/ol>\n<\/section>\n<\/div>\n","protected":false},"excerpt":{"rendered":"<p>Mise \u00e0 jour quotidienne. Chaque jour Timy s\u00e9lectionne les 5 meilleurs bons plans valid\u00e9s sur OffresASaisir. \ud83d\udd25 Top 5 du Mardi 5 mai 2026 (#003) \ud83e\udd47 Forfait 120 Go \u00e0 6,99\u20ac\/mois sans engagement6,99\u20ac\/mois \u00b7 chez Cdiscount Mobile \ud83e\udd48 LEGO Star Wars \u2014 10\u20ac offerts d\u00e8s 60\u20ac d&#x27;achat sur Amazon-10\u20ac d\u00e8s 60\u20ac \u00b7 chez Amazon \ud83e\udd49 [&hellip;]<\/p>\n","protected":false},"author":2,"featured_media":0,"parent":0,"menu_order":0,"comment_status":"closed","ping_status":"closed","template":"","meta":{"footnotes":""},"class_list":["post-9481","page","type-page","status-publish","hentry"],"blocksy_meta":[],"yoast_head":"<!-- This site is optimized with the Yoast SEO plugin v27.5 - https:\/\/yoast.com\/product\/yoast-seo-wordpress\/ -->\n<title>Top 5 du jour - Le Mag Conso<\/title>\n<meta name=\"robots\" content=\"index, follow, max-snippet:-1, max-image-preview:large, max-video-preview:-1\" \/>\n<link rel=\"canonical\" href=\"https:\/\/www.offresasaisir.fr\/mag\/top-5\/\" \/>\n<meta property=\"og:locale\" content=\"fr_FR\" \/>\n<meta property=\"og:type\" content=\"article\" \/>\n<meta property=\"og:title\" content=\"Top 5 du jour - Le Mag Conso\" \/>\n<meta property=\"og:description\" content=\"Mise \u00e0 jour quotidienne. Chaque jour Timy s\u00e9lectionne les 5 meilleurs bons plans valid\u00e9s sur OffresASaisir. \ud83d\udd25 Top 5 du Mardi 5 mai 2026 (#003) \ud83e\udd47 Forfait 120 Go \u00e0 6,99\u20ac\/mois sans engagement6,99\u20ac\/mois \u00b7 chez Cdiscount Mobile \ud83e\udd48 LEGO Star Wars \u2014 10\u20ac offerts d\u00e8s 60\u20ac d&#x27;achat sur Amazon-10\u20ac d\u00e8s 60\u20ac \u00b7 chez Amazon \ud83e\udd49 [&hellip;]\" \/>\n<meta property=\"og:url\" content=\"https:\/\/www.offresasaisir.fr\/mag\/top-5\/\" \/>\n<meta property=\"og:site_name\" content=\"Le Mag Conso\" \/>\n<meta property=\"article:modified_time\" content=\"2026-05-05T14:49:19+00:00\" \/>\n<meta name=\"twitter:card\" content=\"summary_large_image\" \/>\n<meta name=\"twitter:label1\" content=\"Dur\u00e9e de lecture est.\" \/>\n\t<meta name=\"twitter:data1\" content=\"1 minute\" \/>\n<script type=\"application\/ld+json\" class=\"yoast-schema-graph\">{\"@context\":\"https:\\\/\\\/schema.org\",\"@graph\":[{\"@type\":\"WebPage\",\"@id\":\"https:\\\/\\\/www.offresasaisir.fr\\\/mag\\\/top-5\\\/\",\"url\":\"https:\\\/\\\/www.offresasaisir.fr\\\/mag\\\/top-5\\\/\",\"name\":\"Top 5 du jour - Le Mag Conso\",\"isPartOf\":{\"@id\":\"https:\\\/\\\/www.offresasaisir.fr\\\/mag\\\/#website\"},\"datePublished\":\"2026-05-03T07:21:52+00:00\",\"dateModified\":\"2026-05-05T14:49:19+00:00\",\"breadcrumb\":{\"@id\":\"https:\\\/\\\/www.offresasaisir.fr\\\/mag\\\/top-5\\\/#breadcrumb\"},\"inLanguage\":\"fr-FR\",\"potentialAction\":[{\"@type\":\"ReadAction\",\"target\":[\"https:\\\/\\\/www.offresasaisir.fr\\\/mag\\\/top-5\\\/\"]}]},{\"@type\":\"BreadcrumbList\",\"@id\":\"https:\\\/\\\/www.offresasaisir.fr\\\/mag\\\/top-5\\\/#breadcrumb\",\"itemListElement\":[{\"@type\":\"ListItem\",\"position\":1,\"name\":\"Page d'accueil\",\"item\":\"https:\\\/\\\/www.offresasaisir.fr\\\/mag\\\/\"},{\"@type\":\"ListItem\",\"position\":2,\"name\":\"Top 5 du jour\"}]},{\"@type\":\"WebSite\",\"@id\":\"https:\\\/\\\/www.offresasaisir.fr\\\/mag\\\/#website\",\"url\":\"https:\\\/\\\/www.offresasaisir.fr\\\/mag\\\/\",\"name\":\"Le Mag Conso\",\"description\":\"Actu et astuces conso pour \u00e9conomiser au quotidien\",\"potentialAction\":[{\"@type\":\"SearchAction\",\"target\":{\"@type\":\"EntryPoint\",\"urlTemplate\":\"https:\\\/\\\/www.offresasaisir.fr\\\/mag\\\/?s={search_term_string}\"},\"query-input\":{\"@type\":\"PropertyValueSpecification\",\"valueRequired\":true,\"valueName\":\"search_term_string\"}}],\"inLanguage\":\"fr-FR\"}]}<\/script>\n<!-- \/ Yoast SEO plugin. -->","yoast_head_json":{"title":"Top 5 du jour - Le Mag Conso","robots":{"index":"index","follow":"follow","max-snippet":"max-snippet:-1","max-image-preview":"max-image-preview:large","max-video-preview":"max-video-preview:-1"},"canonical":"https:\/\/www.offresasaisir.fr\/mag\/top-5\/","og_locale":"fr_FR","og_type":"article","og_title":"Top 5 du jour - Le Mag Conso","og_description":"Mise \u00e0 jour quotidienne. Chaque jour Timy s\u00e9lectionne les 5 meilleurs bons plans valid\u00e9s sur OffresASaisir. \ud83d\udd25 Top 5 du Mardi 5 mai 2026 (#003) \ud83e\udd47 Forfait 120 Go \u00e0 6,99\u20ac\/mois sans engagement6,99\u20ac\/mois \u00b7 chez Cdiscount Mobile \ud83e\udd48 LEGO Star Wars \u2014 10\u20ac offerts d\u00e8s 60\u20ac d&#x27;achat sur Amazon-10\u20ac d\u00e8s 60\u20ac \u00b7 chez Amazon \ud83e\udd49 [&hellip;]","og_url":"https:\/\/www.offresasaisir.fr\/mag\/top-5\/","og_site_name":"Le Mag Conso","article_modified_time":"2026-05-05T14:49:19+00:00","twitter_card":"summary_large_image","twitter_misc":{"Dur\u00e9e de lecture est.":"1 minute"},"schema":{"@context":"https:\/\/schema.org","@graph":[{"@type":"WebPage","@id":"https:\/\/www.offresasaisir.fr\/mag\/top-5\/","url":"https:\/\/www.offresasaisir.fr\/mag\/top-5\/","name":"Top 5 du jour - Le Mag Conso","isPartOf":{"@id":"https:\/\/www.offresasaisir.fr\/mag\/#website"},"datePublished":"2026-05-03T07:21:52+00:00","dateModified":"2026-05-05T14:49:19+00:00","breadcrumb":{"@id":"https:\/\/www.offresasaisir.fr\/mag\/top-5\/#breadcrumb"},"inLanguage":"fr-FR","potentialAction":[{"@type":"ReadAction","target":["https:\/\/www.offresasaisir.fr\/mag\/top-5\/"]}]},{"@type":"BreadcrumbList","@id":"https:\/\/www.offresasaisir.fr\/mag\/top-5\/#breadcrumb","itemListElement":[{"@type":"ListItem","position":1,"name":"Page d'accueil","item":"https:\/\/www.offresasaisir.fr\/mag\/"},{"@type":"ListItem","position":2,"name":"Top 5 du jour"}]},{"@type":"WebSite","@id":"https:\/\/www.offresasaisir.fr\/mag\/#website","url":"https:\/\/www.offresasaisir.fr\/mag\/","name":"Le Mag Conso","description":"Actu et astuces conso pour \u00e9conomiser au quotidien","potentialAction":[{"@type":"SearchAction","target":{"@type":"EntryPoint","urlTemplate":"https:\/\/www.offresasaisir.fr\/mag\/?s={search_term_string}"},"query-input":{"@type":"PropertyValueSpecification","valueRequired":true,"valueName":"search_term_string"}}],"inLanguage":"fr-FR"}]}},"_links":{"self":[{"href":"https:\/\/www.offresasaisir.fr\/mag\/wp-json\/wp\/v2\/pages\/9481","targetHints":{"allow":["GET"]}}],"collection":[{"href":"https:\/\/www.offresasaisir.fr\/mag\/wp-json\/wp\/v2\/pages"}],"about":[{"href":"https:\/\/www.offresasaisir.fr\/mag\/wp-json\/wp\/v2\/types\/page"}],"author":[{"embeddable":true,"href":"https:\/\/www.offresasaisir.fr\/mag\/wp-json\/wp\/v2\/users\/2"}],"replies":[{"embeddable":true,"href":"https:\/\/www.offresasaisir.fr\/mag\/wp-json\/wp\/v2\/comments?post=9481"}],"version-history":[{"count":4,"href":"https:\/\/www.offresasaisir.fr\/mag\/wp-json\/wp\/v2\/pages\/9481\/revisions"}],"predecessor-version":[{"id":9981,"href":"https:\/\/www.offresasaisir.fr\/mag\/wp-json\/wp\/v2\/pages\/9481\/revisions\/9981"}],"wp:attachment":[{"href":"https:\/\/www.offresasaisir.fr\/mag\/wp-json\/wp\/v2\/media?parent=9481"}],"curies":[{"name":"wp","href":"https:\/\/api.w.org\/{rel}","templated":true}]}}